{"id":33,"date":"2016-08-09T14:09:04","date_gmt":"2016-08-09T14:09:04","guid":{"rendered":"http:\/\/flatsome.dev\/?page_id=8538"},"modified":"2023-05-30T23:27:16","modified_gmt":"2023-05-30T23:27:16","slug":"video-cover","status":"publish","type":"page","link":"https:\/\/sgpa.com.br\/projetotransformacao\/","title":{"rendered":"PROJETO TRANSFORMA\u00c7\u00c3O"},"content":{"rendered":"\t<section class=\"section\" id=\"section_205441312\">\n\t\t<div class=\"bg section-bg fill bg-fill  bg-loaded\" >\n\n\t\t\t\n\t\t\t\n\t\t\t\n\n\t\t<\/div>\n\n\t\t\n\n\t\t<div class=\"section-content relative\">\n\t\t\t\n<div class=\"row align-center\"  id=\"row-781043971\">\n\n\t<div id=\"col-1009330962\" class=\"col medium-7 small-12 large-7\"  >\n\t\t\t\t<div class=\"col-inner text-center\"  >\n\t\t\t\n\t\t\t\n\t<div id=\"text-2512272188\" class=\"text\">\n\t\t\n<p><img loading=\"lazy\" decoding=\"async\" class=\"wp-image-343 aligncenter\" src=\"https:\/\/sgpa.com.br\/projetotransformacao\/wp-content\/uploads\/2023\/05\/sgpa.jpg\" alt=\"\" width=\"232\" height=\"44\" \/>| <img loading=\"lazy\" decoding=\"async\" class=\"wp-image-342 aligncenter\" src=\"https:\/\/sgpa.com.br\/projetotransformacao\/wp-content\/uploads\/2023\/05\/codese-1.jpg\" alt=\"\" width=\"170\" height=\"69\" \/><\/p>\n<p class=\"lead\" style=\"text-align: center;\"><span style=\"font-size: 120%;\"><span style=\"color: #282828;\"><strong>CARTA CONVITE AO MERCADO IMOBILI\u00c1RIO<br \/><\/strong><\/span><span style=\"color: #282828;\"><strong>PROJETO DE TRANSFORMA\u00c7\u00c3O DO PARQUE DE EXPOSI\u00c7\u00d5ES AGROPECU\u00c1RIO<\/strong><\/span><\/span><\/p>\n\t\t\n<style>\n#text-2512272188 {\n  line-height: 1.25;\n  text-align: center;\n}\n<\/style>\n\t<\/div>\n\t\n<div class=\"row row-full-width align-equal align-center\"  id=\"row-2121943695\">\n\n\t<div id=\"col-1589761906\" class=\"col medium-7 small-12 large-7\"  >\n\t\t\t\t<div class=\"col-inner text-center\"  >\n\t\t\t\n\t\t\t\n\n<div class=\"wpcf7 no-js\" id=\"wpcf7-f13-o1\" lang=\"en-US\" dir=\"ltr\" data-wpcf7-id=\"13\">\n<div class=\"screen-reader-response\"><p role=\"status\" aria-live=\"polite\" aria-atomic=\"true\"><\/p> <ul><\/ul><\/div>\n<form action=\"\/projetotransformacao\/wp-json\/wp\/v2\/pages\/33#wpcf7-f13-o1\" method=\"post\" class=\"wpcf7-form init\" aria-label=\"Contact form\" novalidate=\"novalidate\" data-status=\"init\">\n<div style=\"display: none;\">\n<input type=\"hidden\" name=\"_wpcf7\" value=\"13\" \/>\n<input type=\"hidden\" name=\"_wpcf7_version\" value=\"6.0.6\" \/>\n<input type=\"hidden\" name=\"_wpcf7_locale\" value=\"en_US\" \/>\n<input type=\"hidden\" name=\"_wpcf7_unit_tag\" value=\"wpcf7-f13-o1\" \/>\n<input type=\"hidden\" name=\"_wpcf7_container_post\" value=\"0\" \/>\n<input type=\"hidden\" name=\"_wpcf7_posted_data_hash\" value=\"\" \/>\n<\/div>\n<style>\n .form-flat .submit-button {\n background-color: #c69a02;\n border: none;\n padding: 10px 20px;\n border-radius: 55px;\n font-weight: bold;\n cursor: pointer;\n }\n\n .form-flat .submit-button:hover {\n background-color: #ffffff;\n }\n\n .form-flat input[type=\"text\"],\n .form-flat input[type=\"email\"] {\n background-color: #FFF;\n border-radius: 15px;\n padding: 10px;\n border: 2px solid #000; \n color: #fff;\n }\n<\/style>\n<div class=\"form-flat\">\n\t<div class=\"form-group\">\n\t\t<p><span class=\"wpcf7-form-control-wrap\" data-name=\"your-razao\"><input size=\"40\" maxlength=\"400\" class=\"wpcf7-form-control wpcf7-text wpcf7-validates-as-required\" aria-required=\"true\" aria-invalid=\"false\" placeholder=\"RAZ\u00c3O SOCIAL (obrigat\u00f3rio)\" value=\"\" type=\"text\" name=\"your-razao\" \/><\/span>\n\t\t<\/p>\n\t<\/div>\n\t<div class=\"form-group\">\n\t\t<p><span class=\"wpcf7-form-control-wrap\" data-name=\"your-fantasia\"><input size=\"40\" maxlength=\"400\" class=\"wpcf7-form-control wpcf7-text wpcf7-validates-as-required\" aria-required=\"true\" aria-invalid=\"false\" placeholder=\"NOME FANTASIA (obrigat\u00f3rio)\" value=\"\" type=\"text\" name=\"your-fantasia\" \/><\/span>\n\t\t<\/p>\n\t<\/div>\n\t<div class=\"form-group\">\n\t\t<p><span class=\"wpcf7-form-control-wrap\" data-name=\"your-cnpj\"><input size=\"40\" maxlength=\"400\" class=\"wpcf7-form-control wpcf7-text wpcf7-validates-as-required\" aria-required=\"true\" aria-invalid=\"false\" placeholder=\"CNPJ (obrigat\u00f3rio)\" value=\"\" type=\"text\" name=\"your-cnpj\" \/><\/span>\n\t\t<\/p>\n\t<\/div>\n\t<div class=\"form-group\">\n\t\t<p><span class=\"wpcf7-form-control-wrap\" data-name=\"your-ie\"><input size=\"40\" maxlength=\"400\" class=\"wpcf7-form-control wpcf7-text wpcf7-validates-as-required\" aria-required=\"true\" aria-invalid=\"false\" placeholder=\"INSCRI\u00c7\u00c3O ESTADUAL - IE (obrigat\u00f3rio)\" value=\"\" type=\"text\" name=\"your-ie\" \/><\/span>\n\t\t<\/p>\n\t<\/div>\n\t<div class=\"form-group\">\n\t\t<p><span class=\"wpcf7-form-control-wrap\" data-name=\"your-im\"><input size=\"40\" maxlength=\"400\" class=\"wpcf7-form-control wpcf7-text wpcf7-validates-as-required\" aria-required=\"true\" aria-invalid=\"false\" placeholder=\"INSCRI\u00c7\u00c3O MUNICIPAL - IM (obrigat\u00f3rio)\" value=\"\" type=\"text\" name=\"your-im\" \/><\/span>\n\t\t<\/p>\n\t<\/div>\n\t<div class=\"form-group\">\n\t\t<p><span class=\"wpcf7-form-control-wrap\" data-name=\"your-email\"><input size=\"40\" maxlength=\"400\" class=\"wpcf7-form-control wpcf7-email wpcf7-validates-as-required wpcf7-text wpcf7-validates-as-email\" aria-required=\"true\" aria-invalid=\"false\" placeholder=\"SEU E-MAIL (obrigat\u00f3rio)\" value=\"\" type=\"email\" name=\"your-email\" \/><\/span>\n\t\t<\/p>\n\t<\/div>\n\t<div class=\"form-group\">\n\t\t<p><span class=\"wpcf7-form-control-wrap\" data-name=\"your-telefone\"><input size=\"40\" maxlength=\"400\" class=\"wpcf7-form-control wpcf7-text wpcf7-validates-as-required\" aria-required=\"true\" aria-invalid=\"false\" placeholder=\"SEU TELEFONE (obrigat\u00f3rio)\" value=\"\" type=\"text\" name=\"your-telefone\" \/><\/span>\n\t\t<\/p>\n\t<\/div>\n\t<div style=\"margin-left: 65px\">\n\t\t<p><input class=\"wpcf7-form-control wpcf7-submit has-spinner submit-button\" type=\"submit\" value=\"Enviar\" \/>\n\t\t<\/p>\n\t<\/div>\n<\/div><div class=\"wpcf7-response-output\" aria-hidden=\"true\"><\/div>\n<\/form>\n<\/div>\n\n\t\t<\/div>\n\t\t\t\t\t<\/div>\n\n\t\n<\/div>\n\t\t<\/div>\n\t\t\t\t\t<\/div>\n\n\t\n<\/div>\n\t\t<\/div>\n\n\t\t\n<style>\n#section_205441312 {\n  padding-top: 30px;\n  padding-bottom: 30px;\n}\n#section_205441312 .ux-shape-divider--top svg {\n  height: 150px;\n  --divider-top-width: 100%;\n}\n#section_205441312 .ux-shape-divider--bottom svg {\n  height: 150px;\n  --divider-width: 100%;\n}\n<\/style>\n\t<\/section>\n\t\n","protected":false},"excerpt":{"rendered":"","protected":false},"author":1,"featured_media":17,"parent":0,"menu_order":15,"comment_status":"closed","ping_status":"closed","template":"page-blank-landingpage.php","meta":{"footnotes":""},"class_list":["post-33","page","type-page","status-publish","has-post-thumbnail","hentry"],"_links":{"self":[{"href":"https:\/\/sgpa.com.br\/projetotransformacao\/wp-json\/wp\/v2\/pages\/33","targetHints":{"allow":["GET"]}}],"collection":[{"href":"https:\/\/sgpa.com.br\/projetotransformacao\/wp-json\/wp\/v2\/pages"}],"about":[{"href":"https:\/\/sgpa.com.br\/projetotransformacao\/wp-json\/wp\/v2\/types\/page"}],"author":[{"embeddable":true,"href":"https:\/\/sgpa.com.br\/projetotransformacao\/wp-json\/wp\/v2\/users\/1"}],"replies":[{"embeddable":true,"href":"https:\/\/sgpa.com.br\/projetotransformacao\/wp-json\/wp\/v2\/comments?post=33"}],"version-history":[{"count":41,"href":"https:\/\/sgpa.com.br\/projetotransformacao\/wp-json\/wp\/v2\/pages\/33\/revisions"}],"predecessor-version":[{"id":347,"href":"https:\/\/sgpa.com.br\/projetotransformacao\/wp-json\/wp\/v2\/pages\/33\/revisions\/347"}],"wp:featuredmedia":[{"embeddable":true,"href":"https:\/\/sgpa.com.br\/projetotransformacao\/wp-json\/wp\/v2\/media\/17"}],"wp:attachment":[{"href":"https:\/\/sgpa.com.br\/projetotransformacao\/wp-json\/wp\/v2\/media?parent=33"}],"curies":[{"name":"wp","href":"https:\/\/api.w.org\/{rel}","templated":true}]}}